{"id":465,"date":"2019-03-22T11:41:33","date_gmt":"2019-03-22T11:41:33","guid":{"rendered":"https:\/\/metaltechsrl.com\/ufficio-tecnico\/"},"modified":"2019-09-22T21:57:18","modified_gmt":"2019-09-22T21:57:18","slug":"technische-abteilung","status":"publish","type":"page","link":"https:\/\/metaltechsrl.com\/de\/technische-abteilung\/","title":{"rendered":"TECHNISCHE ABTEILUNG"},"content":{"rendered":"<div id=\"cs-content\" class=\"cs-content\"><\/div>\n","protected":false},"excerpt":{"rendered":"<p>TECHNISCHE ABTEILUNG Unsere technische Abteilung mit mittlerweile mehr als 5 Mitarbeitern verf\u00fcgt \u00fcber alle erforderlichen Tools, um Kundenentw\u00fcrfe in jedem zweidimensionalen oder dreidimensionalen Format auszuarbeiten. Der dreidimensionale Entwurf erg\u00e4nzt oder ersetzt immer h\u00e4ufiger den normalen 2D-Entwurf. Unsere technische Abteilung ist mit den modernsten 3D-Entwurfsprogrammen ausgestattet und geschult, um sowohl die Entw\u00fcrfe des Kunden zu entwickeln als auch direkt zu entwerfen. &#8230;<\/p>\n","protected":false},"author":1,"featured_media":325,"parent":0,"menu_order":0,"comment_status":"closed","ping_status":"closed","template":"template-blank-1.php","meta":{"footnotes":""},"class_list":["post-465","page","type-page","status-publish","has-post-thumbnail","hentry"],"yoast_head":"<!-- This site is optimized with the Yoast SEO plugin v27.6 - https:\/\/yoast.com\/product\/yoast-seo-wordpress\/ -->\n<title>TECHNISCHE ABTEILUNG - Carpenteria Metallica<\/title>\n<meta name=\"robots\" content=\"index, follow, max-snippet:-1, max-image-preview:large, max-video-preview:-1\" \/>\n<link rel=\"canonical\" href=\"https:\/\/metaltechsrl.com\/de\/technische-abteilung\/\" \/>\n<meta property=\"og:locale\" content=\"de_DE\" \/>\n<meta property=\"og:type\" content=\"article\" \/>\n<meta property=\"og:title\" content=\"TECHNISCHE ABTEILUNG - Carpenteria Metallica\" \/>\n<meta property=\"og:description\" content=\"TECHNISCHE ABTEILUNG Unsere technische Abteilung mit mittlerweile mehr als 5 Mitarbeitern verf\u00fcgt \u00fcber alle erforderlichen Tools, um Kundenentw\u00fcrfe in jedem zweidimensionalen oder dreidimensionalen Format auszuarbeiten. Der dreidimensionale Entwurf erg\u00e4nzt oder ersetzt immer h\u00e4ufiger den normalen 2D-Entwurf. Unsere technische Abteilung ist mit den modernsten 3D-Entwurfsprogrammen ausgestattet und geschult, um sowohl die Entw\u00fcrfe des Kunden zu entwickeln als auch direkt zu entwerfen. ...\" \/>\n<meta property=\"og:url\" content=\"https:\/\/metaltechsrl.com\/de\/technische-abteilung\/\" \/>\n<meta property=\"og:site_name\" content=\"Carpenteria Metallica\" \/>\n<meta property=\"article:modified_time\" content=\"2019-09-22T21:57:18+00:00\" \/>\n<meta property=\"og:image\" content=\"https:\/\/metaltechsrl.com\/wp-content\/uploads\/2019\/03\/Ufficio-tecnico.jpg\" \/>\n\t<meta property=\"og:image:width\" content=\"1600\" \/>\n\t<meta property=\"og:image:height\" content=\"984\" \/>\n\t<meta property=\"og:image:type\" content=\"image\/jpeg\" \/>\n<meta name=\"twitter:card\" content=\"summary_large_image\" \/>\n<script type=\"application\/ld+json\" class=\"yoast-schema-graph\">{\"@context\":\"https:\\\/\\\/schema.org\",\"@graph\":[{\"@type\":\"WebPage\",\"@id\":\"https:\\\/\\\/metaltechsrl.com\\\/de\\\/technische-abteilung\\\/\",\"url\":\"https:\\\/\\\/metaltechsrl.com\\\/de\\\/technische-abteilung\\\/\",\"name\":\"TECHNISCHE ABTEILUNG - Carpenteria Metallica\",\"isPartOf\":{\"@id\":\"https:\\\/\\\/metaltechsrl.com\\\/de\\\/#website\"},\"primaryImageOfPage\":{\"@id\":\"https:\\\/\\\/metaltechsrl.com\\\/de\\\/technische-abteilung\\\/#primaryimage\"},\"image\":{\"@id\":\"https:\\\/\\\/metaltechsrl.com\\\/de\\\/technische-abteilung\\\/#primaryimage\"},\"thumbnailUrl\":\"https:\\\/\\\/metaltechsrl.com\\\/wp-content\\\/uploads\\\/2019\\\/03\\\/Ufficio-tecnico.jpg\",\"datePublished\":\"2019-03-22T11:41:33+00:00\",\"dateModified\":\"2019-09-22T21:57:18+00:00\",\"breadcrumb\":{\"@id\":\"https:\\\/\\\/metaltechsrl.com\\\/de\\\/technische-abteilung\\\/#breadcrumb\"},\"inLanguage\":\"de\",\"potentialAction\":[{\"@type\":\"ReadAction\",\"target\":[\"https:\\\/\\\/metaltechsrl.com\\\/de\\\/technische-abteilung\\\/\"]}]},{\"@type\":\"ImageObject\",\"inLanguage\":\"de\",\"@id\":\"https:\\\/\\\/metaltechsrl.com\\\/de\\\/technische-abteilung\\\/#primaryimage\",\"url\":\"https:\\\/\\\/metaltechsrl.com\\\/wp-content\\\/uploads\\\/2019\\\/03\\\/Ufficio-tecnico.jpg\",\"contentUrl\":\"https:\\\/\\\/metaltechsrl.com\\\/wp-content\\\/uploads\\\/2019\\\/03\\\/Ufficio-tecnico.jpg\",\"width\":1600,\"height\":984},{\"@type\":\"BreadcrumbList\",\"@id\":\"https:\\\/\\\/metaltechsrl.com\\\/de\\\/technische-abteilung\\\/#breadcrumb\",\"itemListElement\":[{\"@type\":\"ListItem\",\"position\":1,\"name\":\"Home\",\"item\":\"https:\\\/\\\/metaltechsrl.com\\\/de\\\/\"},{\"@type\":\"ListItem\",\"position\":2,\"name\":\"TECHNISCHE ABTEILUNG\"}]},{\"@type\":\"WebSite\",\"@id\":\"https:\\\/\\\/metaltechsrl.com\\\/de\\\/#website\",\"url\":\"https:\\\/\\\/metaltechsrl.com\\\/de\\\/\",\"name\":\"Carpenteria Metallica\",\"description\":\"Metaltech\",\"potentialAction\":[{\"@type\":\"SearchAction\",\"target\":{\"@type\":\"EntryPoint\",\"urlTemplate\":\"https:\\\/\\\/metaltechsrl.com\\\/de\\\/?s={search_term_string}\"},\"query-input\":{\"@type\":\"PropertyValueSpecification\",\"valueRequired\":true,\"valueName\":\"search_term_string\"}}],\"inLanguage\":\"de\"}]}<\/script>\n<!-- \/ Yoast SEO plugin. -->","yoast_head_json":{"title":"TECHNISCHE ABTEILUNG - Carpenteria Metallica","robots":{"index":"index","follow":"follow","max-snippet":"max-snippet:-1","max-image-preview":"max-image-preview:large","max-video-preview":"max-video-preview:-1"},"canonical":"https:\/\/metaltechsrl.com\/de\/technische-abteilung\/","og_locale":"de_DE","og_type":"article","og_title":"TECHNISCHE ABTEILUNG - Carpenteria Metallica","og_description":"TECHNISCHE ABTEILUNG Unsere technische Abteilung mit mittlerweile mehr als 5 Mitarbeitern verf\u00fcgt \u00fcber alle erforderlichen Tools, um Kundenentw\u00fcrfe in jedem zweidimensionalen oder dreidimensionalen Format auszuarbeiten. Der dreidimensionale Entwurf erg\u00e4nzt oder ersetzt immer h\u00e4ufiger den normalen 2D-Entwurf. Unsere technische Abteilung ist mit den modernsten 3D-Entwurfsprogrammen ausgestattet und geschult, um sowohl die Entw\u00fcrfe des Kunden zu entwickeln als auch direkt zu entwerfen. ...","og_url":"https:\/\/metaltechsrl.com\/de\/technische-abteilung\/","og_site_name":"Carpenteria Metallica","article_modified_time":"2019-09-22T21:57:18+00:00","og_image":[{"width":1600,"height":984,"url":"https:\/\/metaltechsrl.com\/wp-content\/uploads\/2019\/03\/Ufficio-tecnico.jpg","type":"image\/jpeg"}],"twitter_card":"summary_large_image","schema":{"@context":"https:\/\/schema.org","@graph":[{"@type":"WebPage","@id":"https:\/\/metaltechsrl.com\/de\/technische-abteilung\/","url":"https:\/\/metaltechsrl.com\/de\/technische-abteilung\/","name":"TECHNISCHE ABTEILUNG - Carpenteria Metallica","isPartOf":{"@id":"https:\/\/metaltechsrl.com\/de\/#website"},"primaryImageOfPage":{"@id":"https:\/\/metaltechsrl.com\/de\/technische-abteilung\/#primaryimage"},"image":{"@id":"https:\/\/metaltechsrl.com\/de\/technische-abteilung\/#primaryimage"},"thumbnailUrl":"https:\/\/metaltechsrl.com\/wp-content\/uploads\/2019\/03\/Ufficio-tecnico.jpg","datePublished":"2019-03-22T11:41:33+00:00","dateModified":"2019-09-22T21:57:18+00:00","breadcrumb":{"@id":"https:\/\/metaltechsrl.com\/de\/technische-abteilung\/#breadcrumb"},"inLanguage":"de","potentialAction":[{"@type":"ReadAction","target":["https:\/\/metaltechsrl.com\/de\/technische-abteilung\/"]}]},{"@type":"ImageObject","inLanguage":"de","@id":"https:\/\/metaltechsrl.com\/de\/technische-abteilung\/#primaryimage","url":"https:\/\/metaltechsrl.com\/wp-content\/uploads\/2019\/03\/Ufficio-tecnico.jpg","contentUrl":"https:\/\/metaltechsrl.com\/wp-content\/uploads\/2019\/03\/Ufficio-tecnico.jpg","width":1600,"height":984},{"@type":"BreadcrumbList","@id":"https:\/\/metaltechsrl.com\/de\/technische-abteilung\/#breadcrumb","itemListElement":[{"@type":"ListItem","position":1,"name":"Home","item":"https:\/\/metaltechsrl.com\/de\/"},{"@type":"ListItem","position":2,"name":"TECHNISCHE ABTEILUNG"}]},{"@type":"WebSite","@id":"https:\/\/metaltechsrl.com\/de\/#website","url":"https:\/\/metaltechsrl.com\/de\/","name":"Carpenteria Metallica","description":"Metaltech","potentialAction":[{"@type":"SearchAction","target":{"@type":"EntryPoint","urlTemplate":"https:\/\/metaltechsrl.com\/de\/?s={search_term_string}"},"query-input":{"@type":"PropertyValueSpecification","valueRequired":true,"valueName":"search_term_string"}}],"inLanguage":"de"}]}},"_links":{"self":[{"href":"https:\/\/metaltechsrl.com\/de\/wp-json\/wp\/v2\/pages\/465","targetHints":{"allow":["GET"]}}],"collection":[{"href":"https:\/\/metaltechsrl.com\/de\/wp-json\/wp\/v2\/pages"}],"about":[{"href":"https:\/\/metaltechsrl.com\/de\/wp-json\/wp\/v2\/types\/page"}],"author":[{"embeddable":true,"href":"https:\/\/metaltechsrl.com\/de\/wp-json\/wp\/v2\/users\/1"}],"replies":[{"embeddable":true,"href":"https:\/\/metaltechsrl.com\/de\/wp-json\/wp\/v2\/comments?post=465"}],"version-history":[{"count":2,"href":"https:\/\/metaltechsrl.com\/de\/wp-json\/wp\/v2\/pages\/465\/revisions"}],"predecessor-version":[{"id":468,"href":"https:\/\/metaltechsrl.com\/de\/wp-json\/wp\/v2\/pages\/465\/revisions\/468"}],"wp:featuredmedia":[{"embeddable":true,"href":"https:\/\/metaltechsrl.com\/de\/wp-json\/wp\/v2\/media\/325"}],"wp:attachment":[{"href":"https:\/\/metaltechsrl.com\/de\/wp-json\/wp\/v2\/media?parent=465"}],"curies":[{"name":"wp","href":"https:\/\/api.w.org\/{rel}","templated":true}]}}