{"id":469,"date":"2019-03-22T00:09:19","date_gmt":"2019-03-22T00:09:19","guid":{"rendered":"https:\/\/metaltechsrl.com\/parco-macchine\/"},"modified":"2020-12-16T09:41:25","modified_gmt":"2020-12-16T07:41:25","slug":"maschinenpark","status":"publish","type":"page","link":"https:\/\/metaltechsrl.com\/de\/maschinenpark\/","title":{"rendered":"MASCHINENPARK"},"content":{"rendered":"<div id=\"cs-content\" class=\"cs-content\"><\/div>\n","protected":false},"excerpt":{"rendered":"<p>MASCHINENPARK Unsere Produktion st\u00fctzt sich auf eine gro\u00dfe Anzahl von Maschinen, die s\u00e4mtliche f\u00fcr die jeweiligen Kundenbed\u00fcrfnisse erforderlichen Verarbeitungen gew\u00e4hrleisten. Sie reichen vom Laserschneiden und Biegen \u00fcber manuelles oder Roboterschwei\u00dfen bis hin zur mechanischen Bearbeitung, um ein vollst\u00e4ndiges und gebrauchsfertiges Produkt zu schaffen.1 AUTOMATISIERTES LASERSCHNEIDESYSTEM &#8222;BYSTAR&#8220;ist ein&nbsp; (BYSTRONIC) Maximale Schnittst&auml;rke von FE mm 20 Maximale Schnittst&auml;rke von INOX mm 15 &#8230;<\/p>\n","protected":false},"author":1,"featured_media":319,"parent":0,"menu_order":0,"comment_status":"closed","ping_status":"closed","template":"template-blank-1.php","meta":{"footnotes":""},"class_list":["post-469","page","type-page","status-publish","has-post-thumbnail","hentry"],"yoast_head":"<!-- This site is optimized with the Yoast SEO plugin v27.6 - https:\/\/yoast.com\/product\/yoast-seo-wordpress\/ -->\n<title>MASCHINENPARK - Carpenteria Metallica<\/title>\n<meta name=\"robots\" content=\"index, follow, max-snippet:-1, max-image-preview:large, max-video-preview:-1\" \/>\n<link rel=\"canonical\" href=\"https:\/\/metaltechsrl.com\/de\/maschinenpark\/\" \/>\n<meta property=\"og:locale\" content=\"de_DE\" \/>\n<meta property=\"og:type\" content=\"article\" \/>\n<meta property=\"og:title\" content=\"MASCHINENPARK - Carpenteria Metallica\" \/>\n<meta property=\"og:description\" content=\"MASCHINENPARK Unsere Produktion st\u00fctzt sich auf eine gro\u00dfe Anzahl von Maschinen, die s\u00e4mtliche f\u00fcr die jeweiligen Kundenbed\u00fcrfnisse erforderlichen Verarbeitungen gew\u00e4hrleisten. Sie reichen vom Laserschneiden und Biegen \u00fcber manuelles oder Roboterschwei\u00dfen bis hin zur mechanischen Bearbeitung, um ein vollst\u00e4ndiges und gebrauchsfertiges Produkt zu schaffen.1 AUTOMATISIERTES LASERSCHNEIDESYSTEM &quot;BYSTAR&quot;ist ein&nbsp; (BYSTRONIC) Maximale Schnittst&auml;rke von FE mm 20 Maximale Schnittst&auml;rke von INOX mm 15 ...\" \/>\n<meta property=\"og:url\" content=\"https:\/\/metaltechsrl.com\/de\/maschinenpark\/\" \/>\n<meta property=\"og:site_name\" content=\"Carpenteria Metallica\" \/>\n<meta property=\"article:modified_time\" content=\"2020-12-16T07:41:25+00:00\" \/>\n<meta property=\"og:image\" content=\"https:\/\/metaltechsrl.com\/wp-content\/uploads\/2019\/03\/Laser-.jpg\" \/>\n\t<meta property=\"og:image:width\" content=\"1600\" \/>\n\t<meta property=\"og:image:height\" content=\"1068\" \/>\n\t<meta property=\"og:image:type\" content=\"image\/jpeg\" \/>\n<meta name=\"twitter:card\" content=\"summary_large_image\" \/>\n<meta name=\"twitter:label1\" content=\"Gesch\u00e4tzte Lesezeit\" \/>\n\t<meta name=\"twitter:data1\" content=\"2\u00a0Minuten\" \/>\n<script type=\"application\/ld+json\" class=\"yoast-schema-graph\">{\"@context\":\"https:\\\/\\\/schema.org\",\"@graph\":[{\"@type\":\"WebPage\",\"@id\":\"https:\\\/\\\/metaltechsrl.com\\\/de\\\/maschinenpark\\\/\",\"url\":\"https:\\\/\\\/metaltechsrl.com\\\/de\\\/maschinenpark\\\/\",\"name\":\"MASCHINENPARK - Carpenteria Metallica\",\"isPartOf\":{\"@id\":\"https:\\\/\\\/metaltechsrl.com\\\/de\\\/#website\"},\"primaryImageOfPage\":{\"@id\":\"https:\\\/\\\/metaltechsrl.com\\\/de\\\/maschinenpark\\\/#primaryimage\"},\"image\":{\"@id\":\"https:\\\/\\\/metaltechsrl.com\\\/de\\\/maschinenpark\\\/#primaryimage\"},\"thumbnailUrl\":\"https:\\\/\\\/metaltechsrl.com\\\/wp-content\\\/uploads\\\/2019\\\/03\\\/Laser-.jpg\",\"datePublished\":\"2019-03-22T00:09:19+00:00\",\"dateModified\":\"2020-12-16T07:41:25+00:00\",\"breadcrumb\":{\"@id\":\"https:\\\/\\\/metaltechsrl.com\\\/de\\\/maschinenpark\\\/#breadcrumb\"},\"inLanguage\":\"de\",\"potentialAction\":[{\"@type\":\"ReadAction\",\"target\":[\"https:\\\/\\\/metaltechsrl.com\\\/de\\\/maschinenpark\\\/\"]}]},{\"@type\":\"ImageObject\",\"inLanguage\":\"de\",\"@id\":\"https:\\\/\\\/metaltechsrl.com\\\/de\\\/maschinenpark\\\/#primaryimage\",\"url\":\"https:\\\/\\\/metaltechsrl.com\\\/wp-content\\\/uploads\\\/2019\\\/03\\\/Laser-.jpg\",\"contentUrl\":\"https:\\\/\\\/metaltechsrl.com\\\/wp-content\\\/uploads\\\/2019\\\/03\\\/Laser-.jpg\",\"width\":1600,\"height\":1068},{\"@type\":\"BreadcrumbList\",\"@id\":\"https:\\\/\\\/metaltechsrl.com\\\/de\\\/maschinenpark\\\/#breadcrumb\",\"itemListElement\":[{\"@type\":\"ListItem\",\"position\":1,\"name\":\"Home\",\"item\":\"https:\\\/\\\/metaltechsrl.com\\\/de\\\/\"},{\"@type\":\"ListItem\",\"position\":2,\"name\":\"MASCHINENPARK\"}]},{\"@type\":\"WebSite\",\"@id\":\"https:\\\/\\\/metaltechsrl.com\\\/de\\\/#website\",\"url\":\"https:\\\/\\\/metaltechsrl.com\\\/de\\\/\",\"name\":\"Carpenteria Metallica\",\"description\":\"Metaltech\",\"potentialAction\":[{\"@type\":\"SearchAction\",\"target\":{\"@type\":\"EntryPoint\",\"urlTemplate\":\"https:\\\/\\\/metaltechsrl.com\\\/de\\\/?s={search_term_string}\"},\"query-input\":{\"@type\":\"PropertyValueSpecification\",\"valueRequired\":true,\"valueName\":\"search_term_string\"}}],\"inLanguage\":\"de\"}]}<\/script>\n<!-- \/ Yoast SEO plugin. -->","yoast_head_json":{"title":"MASCHINENPARK - Carpenteria Metallica","robots":{"index":"index","follow":"follow","max-snippet":"max-snippet:-1","max-image-preview":"max-image-preview:large","max-video-preview":"max-video-preview:-1"},"canonical":"https:\/\/metaltechsrl.com\/de\/maschinenpark\/","og_locale":"de_DE","og_type":"article","og_title":"MASCHINENPARK - Carpenteria Metallica","og_description":"MASCHINENPARK Unsere Produktion st\u00fctzt sich auf eine gro\u00dfe Anzahl von Maschinen, die s\u00e4mtliche f\u00fcr die jeweiligen Kundenbed\u00fcrfnisse erforderlichen Verarbeitungen gew\u00e4hrleisten. Sie reichen vom Laserschneiden und Biegen \u00fcber manuelles oder Roboterschwei\u00dfen bis hin zur mechanischen Bearbeitung, um ein vollst\u00e4ndiges und gebrauchsfertiges Produkt zu schaffen.1 AUTOMATISIERTES LASERSCHNEIDESYSTEM \"BYSTAR\"ist ein&nbsp; (BYSTRONIC) Maximale Schnittst&auml;rke von FE mm 20 Maximale Schnittst&auml;rke von INOX mm 15 ...","og_url":"https:\/\/metaltechsrl.com\/de\/maschinenpark\/","og_site_name":"Carpenteria Metallica","article_modified_time":"2020-12-16T07:41:25+00:00","og_image":[{"width":1600,"height":1068,"url":"https:\/\/metaltechsrl.com\/wp-content\/uploads\/2019\/03\/Laser-.jpg","type":"image\/jpeg"}],"twitter_card":"summary_large_image","twitter_misc":{"Gesch\u00e4tzte Lesezeit":"2\u00a0Minuten"},"schema":{"@context":"https:\/\/schema.org","@graph":[{"@type":"WebPage","@id":"https:\/\/metaltechsrl.com\/de\/maschinenpark\/","url":"https:\/\/metaltechsrl.com\/de\/maschinenpark\/","name":"MASCHINENPARK - Carpenteria Metallica","isPartOf":{"@id":"https:\/\/metaltechsrl.com\/de\/#website"},"primaryImageOfPage":{"@id":"https:\/\/metaltechsrl.com\/de\/maschinenpark\/#primaryimage"},"image":{"@id":"https:\/\/metaltechsrl.com\/de\/maschinenpark\/#primaryimage"},"thumbnailUrl":"https:\/\/metaltechsrl.com\/wp-content\/uploads\/2019\/03\/Laser-.jpg","datePublished":"2019-03-22T00:09:19+00:00","dateModified":"2020-12-16T07:41:25+00:00","breadcrumb":{"@id":"https:\/\/metaltechsrl.com\/de\/maschinenpark\/#breadcrumb"},"inLanguage":"de","potentialAction":[{"@type":"ReadAction","target":["https:\/\/metaltechsrl.com\/de\/maschinenpark\/"]}]},{"@type":"ImageObject","inLanguage":"de","@id":"https:\/\/metaltechsrl.com\/de\/maschinenpark\/#primaryimage","url":"https:\/\/metaltechsrl.com\/wp-content\/uploads\/2019\/03\/Laser-.jpg","contentUrl":"https:\/\/metaltechsrl.com\/wp-content\/uploads\/2019\/03\/Laser-.jpg","width":1600,"height":1068},{"@type":"BreadcrumbList","@id":"https:\/\/metaltechsrl.com\/de\/maschinenpark\/#breadcrumb","itemListElement":[{"@type":"ListItem","position":1,"name":"Home","item":"https:\/\/metaltechsrl.com\/de\/"},{"@type":"ListItem","position":2,"name":"MASCHINENPARK"}]},{"@type":"WebSite","@id":"https:\/\/metaltechsrl.com\/de\/#website","url":"https:\/\/metaltechsrl.com\/de\/","name":"Carpenteria Metallica","description":"Metaltech","potentialAction":[{"@type":"SearchAction","target":{"@type":"EntryPoint","urlTemplate":"https:\/\/metaltechsrl.com\/de\/?s={search_term_string}"},"query-input":{"@type":"PropertyValueSpecification","valueRequired":true,"valueName":"search_term_string"}}],"inLanguage":"de"}]}},"_links":{"self":[{"href":"https:\/\/metaltechsrl.com\/de\/wp-json\/wp\/v2\/pages\/469","targetHints":{"allow":["GET"]}}],"collection":[{"href":"https:\/\/metaltechsrl.com\/de\/wp-json\/wp\/v2\/pages"}],"about":[{"href":"https:\/\/metaltechsrl.com\/de\/wp-json\/wp\/v2\/types\/page"}],"author":[{"embeddable":true,"href":"https:\/\/metaltechsrl.com\/de\/wp-json\/wp\/v2\/users\/1"}],"replies":[{"embeddable":true,"href":"https:\/\/metaltechsrl.com\/de\/wp-json\/wp\/v2\/comments?post=469"}],"version-history":[{"count":3,"href":"https:\/\/metaltechsrl.com\/de\/wp-json\/wp\/v2\/pages\/469\/revisions"}],"predecessor-version":[{"id":671,"href":"https:\/\/metaltechsrl.com\/de\/wp-json\/wp\/v2\/pages\/469\/revisions\/671"}],"wp:featuredmedia":[{"embeddable":true,"href":"https:\/\/metaltechsrl.com\/de\/wp-json\/wp\/v2\/media\/319"}],"wp:attachment":[{"href":"https:\/\/metaltechsrl.com\/de\/wp-json\/wp\/v2\/media?parent=469"}],"curies":[{"name":"wp","href":"https:\/\/api.w.org\/{rel}","templated":true}]}}