{"id":489,"date":"2019-03-22T00:06:36","date_gmt":"2019-03-22T00:06:36","guid":{"rendered":"https:\/\/metaltechsrl.com\/reparto-piegatura\/"},"modified":"2019-09-22T21:58:55","modified_gmt":"2019-09-22T21:58:55","slug":"biegeabteilung","status":"publish","type":"page","link":"https:\/\/metaltechsrl.com\/de\/biegeabteilung\/","title":{"rendered":"BIEGEABTEILUNG"},"content":{"rendered":"<div id=\"cs-content\" class=\"cs-content\"><\/div>\n","protected":false},"excerpt":{"rendered":"<p>BIEGEABTEILUNG Die Vielfalt unserer Biegemaschinen erm\u00f6glicht es uns, alle Kundenw\u00fcnsche zu erf\u00fcllen, und dank der F\u00e4higkeiten und Erfahrungen, die unsere Mitarbeiter im Laufe der Jahre entwickelt haben, k\u00f6nnen wir uns darauf berufen, flexibel, pr\u00e4zise sowie zuverl\u00e4ssig zu sein und die Teile schnell erneut herstellen zu k\u00f6nnen. In unserem B\u00fcro stehen verschiedene Biegemaschinen zur Verf\u00fcgung, mit denen wir Materialien in verschiedenen &#8230;<\/p>\n","protected":false},"author":1,"featured_media":321,"parent":0,"menu_order":0,"comment_status":"closed","ping_status":"closed","template":"template-blank-1.php","meta":{"footnotes":""},"class_list":["post-489","page","type-page","status-publish","has-post-thumbnail","hentry"],"yoast_head":"<!-- This site is optimized with the Yoast SEO plugin v27.6 - https:\/\/yoast.com\/product\/yoast-seo-wordpress\/ -->\n<title>BIEGEABTEILUNG - Carpenteria Metallica<\/title>\n<meta name=\"robots\" content=\"index, follow, max-snippet:-1, max-image-preview:large, max-video-preview:-1\" \/>\n<link rel=\"canonical\" href=\"https:\/\/metaltechsrl.com\/de\/biegeabteilung\/\" \/>\n<meta property=\"og:locale\" content=\"de_DE\" \/>\n<meta property=\"og:type\" content=\"article\" \/>\n<meta property=\"og:title\" content=\"BIEGEABTEILUNG - Carpenteria Metallica\" \/>\n<meta property=\"og:description\" content=\"BIEGEABTEILUNG Die Vielfalt unserer Biegemaschinen erm\u00f6glicht es uns, alle Kundenw\u00fcnsche zu erf\u00fcllen, und dank der F\u00e4higkeiten und Erfahrungen, die unsere Mitarbeiter im Laufe der Jahre entwickelt haben, k\u00f6nnen wir uns darauf berufen, flexibel, pr\u00e4zise sowie zuverl\u00e4ssig zu sein und die Teile schnell erneut herstellen zu k\u00f6nnen. In unserem B\u00fcro stehen verschiedene Biegemaschinen zur Verf\u00fcgung, mit denen wir Materialien in verschiedenen ...\" \/>\n<meta property=\"og:url\" content=\"https:\/\/metaltechsrl.com\/de\/biegeabteilung\/\" \/>\n<meta property=\"og:site_name\" content=\"Carpenteria Metallica\" \/>\n<meta property=\"article:modified_time\" content=\"2019-09-22T21:58:55+00:00\" \/>\n<meta property=\"og:image\" content=\"https:\/\/metaltechsrl.com\/wp-content\/uploads\/2019\/03\/Piegatura.jpg\" \/>\n\t<meta property=\"og:image:width\" content=\"1600\" \/>\n\t<meta property=\"og:image:height\" content=\"1002\" \/>\n\t<meta property=\"og:image:type\" content=\"image\/jpeg\" \/>\n<meta name=\"twitter:card\" content=\"summary_large_image\" \/>\n<meta name=\"twitter:label1\" content=\"Gesch\u00e4tzte Lesezeit\" \/>\n\t<meta name=\"twitter:data1\" content=\"1\u00a0Minute\" \/>\n<script type=\"application\/ld+json\" class=\"yoast-schema-graph\">{\"@context\":\"https:\\\/\\\/schema.org\",\"@graph\":[{\"@type\":\"WebPage\",\"@id\":\"https:\\\/\\\/metaltechsrl.com\\\/de\\\/biegeabteilung\\\/\",\"url\":\"https:\\\/\\\/metaltechsrl.com\\\/de\\\/biegeabteilung\\\/\",\"name\":\"BIEGEABTEILUNG - Carpenteria Metallica\",\"isPartOf\":{\"@id\":\"https:\\\/\\\/metaltechsrl.com\\\/de\\\/#website\"},\"primaryImageOfPage\":{\"@id\":\"https:\\\/\\\/metaltechsrl.com\\\/de\\\/biegeabteilung\\\/#primaryimage\"},\"image\":{\"@id\":\"https:\\\/\\\/metaltechsrl.com\\\/de\\\/biegeabteilung\\\/#primaryimage\"},\"thumbnailUrl\":\"https:\\\/\\\/metaltechsrl.com\\\/wp-content\\\/uploads\\\/2019\\\/03\\\/Piegatura.jpg\",\"datePublished\":\"2019-03-22T00:06:36+00:00\",\"dateModified\":\"2019-09-22T21:58:55+00:00\",\"breadcrumb\":{\"@id\":\"https:\\\/\\\/metaltechsrl.com\\\/de\\\/biegeabteilung\\\/#breadcrumb\"},\"inLanguage\":\"de\",\"potentialAction\":[{\"@type\":\"ReadAction\",\"target\":[\"https:\\\/\\\/metaltechsrl.com\\\/de\\\/biegeabteilung\\\/\"]}]},{\"@type\":\"ImageObject\",\"inLanguage\":\"de\",\"@id\":\"https:\\\/\\\/metaltechsrl.com\\\/de\\\/biegeabteilung\\\/#primaryimage\",\"url\":\"https:\\\/\\\/metaltechsrl.com\\\/wp-content\\\/uploads\\\/2019\\\/03\\\/Piegatura.jpg\",\"contentUrl\":\"https:\\\/\\\/metaltechsrl.com\\\/wp-content\\\/uploads\\\/2019\\\/03\\\/Piegatura.jpg\",\"width\":1600,\"height\":1002},{\"@type\":\"BreadcrumbList\",\"@id\":\"https:\\\/\\\/metaltechsrl.com\\\/de\\\/biegeabteilung\\\/#breadcrumb\",\"itemListElement\":[{\"@type\":\"ListItem\",\"position\":1,\"name\":\"Home\",\"item\":\"https:\\\/\\\/metaltechsrl.com\\\/de\\\/\"},{\"@type\":\"ListItem\",\"position\":2,\"name\":\"BIEGEABTEILUNG\"}]},{\"@type\":\"WebSite\",\"@id\":\"https:\\\/\\\/metaltechsrl.com\\\/de\\\/#website\",\"url\":\"https:\\\/\\\/metaltechsrl.com\\\/de\\\/\",\"name\":\"Carpenteria Metallica\",\"description\":\"Metaltech\",\"potentialAction\":[{\"@type\":\"SearchAction\",\"target\":{\"@type\":\"EntryPoint\",\"urlTemplate\":\"https:\\\/\\\/metaltechsrl.com\\\/de\\\/?s={search_term_string}\"},\"query-input\":{\"@type\":\"PropertyValueSpecification\",\"valueRequired\":true,\"valueName\":\"search_term_string\"}}],\"inLanguage\":\"de\"}]}<\/script>\n<!-- \/ Yoast SEO plugin. -->","yoast_head_json":{"title":"BIEGEABTEILUNG - Carpenteria Metallica","robots":{"index":"index","follow":"follow","max-snippet":"max-snippet:-1","max-image-preview":"max-image-preview:large","max-video-preview":"max-video-preview:-1"},"canonical":"https:\/\/metaltechsrl.com\/de\/biegeabteilung\/","og_locale":"de_DE","og_type":"article","og_title":"BIEGEABTEILUNG - Carpenteria Metallica","og_description":"BIEGEABTEILUNG Die Vielfalt unserer Biegemaschinen erm\u00f6glicht es uns, alle Kundenw\u00fcnsche zu erf\u00fcllen, und dank der F\u00e4higkeiten und Erfahrungen, die unsere Mitarbeiter im Laufe der Jahre entwickelt haben, k\u00f6nnen wir uns darauf berufen, flexibel, pr\u00e4zise sowie zuverl\u00e4ssig zu sein und die Teile schnell erneut herstellen zu k\u00f6nnen. In unserem B\u00fcro stehen verschiedene Biegemaschinen zur Verf\u00fcgung, mit denen wir Materialien in verschiedenen ...","og_url":"https:\/\/metaltechsrl.com\/de\/biegeabteilung\/","og_site_name":"Carpenteria Metallica","article_modified_time":"2019-09-22T21:58:55+00:00","og_image":[{"width":1600,"height":1002,"url":"https:\/\/metaltechsrl.com\/wp-content\/uploads\/2019\/03\/Piegatura.jpg","type":"image\/jpeg"}],"twitter_card":"summary_large_image","twitter_misc":{"Gesch\u00e4tzte Lesezeit":"1\u00a0Minute"},"schema":{"@context":"https:\/\/schema.org","@graph":[{"@type":"WebPage","@id":"https:\/\/metaltechsrl.com\/de\/biegeabteilung\/","url":"https:\/\/metaltechsrl.com\/de\/biegeabteilung\/","name":"BIEGEABTEILUNG - Carpenteria Metallica","isPartOf":{"@id":"https:\/\/metaltechsrl.com\/de\/#website"},"primaryImageOfPage":{"@id":"https:\/\/metaltechsrl.com\/de\/biegeabteilung\/#primaryimage"},"image":{"@id":"https:\/\/metaltechsrl.com\/de\/biegeabteilung\/#primaryimage"},"thumbnailUrl":"https:\/\/metaltechsrl.com\/wp-content\/uploads\/2019\/03\/Piegatura.jpg","datePublished":"2019-03-22T00:06:36+00:00","dateModified":"2019-09-22T21:58:55+00:00","breadcrumb":{"@id":"https:\/\/metaltechsrl.com\/de\/biegeabteilung\/#breadcrumb"},"inLanguage":"de","potentialAction":[{"@type":"ReadAction","target":["https:\/\/metaltechsrl.com\/de\/biegeabteilung\/"]}]},{"@type":"ImageObject","inLanguage":"de","@id":"https:\/\/metaltechsrl.com\/de\/biegeabteilung\/#primaryimage","url":"https:\/\/metaltechsrl.com\/wp-content\/uploads\/2019\/03\/Piegatura.jpg","contentUrl":"https:\/\/metaltechsrl.com\/wp-content\/uploads\/2019\/03\/Piegatura.jpg","width":1600,"height":1002},{"@type":"BreadcrumbList","@id":"https:\/\/metaltechsrl.com\/de\/biegeabteilung\/#breadcrumb","itemListElement":[{"@type":"ListItem","position":1,"name":"Home","item":"https:\/\/metaltechsrl.com\/de\/"},{"@type":"ListItem","position":2,"name":"BIEGEABTEILUNG"}]},{"@type":"WebSite","@id":"https:\/\/metaltechsrl.com\/de\/#website","url":"https:\/\/metaltechsrl.com\/de\/","name":"Carpenteria Metallica","description":"Metaltech","potentialAction":[{"@type":"SearchAction","target":{"@type":"EntryPoint","urlTemplate":"https:\/\/metaltechsrl.com\/de\/?s={search_term_string}"},"query-input":{"@type":"PropertyValueSpecification","valueRequired":true,"valueName":"search_term_string"}}],"inLanguage":"de"}]}},"_links":{"self":[{"href":"https:\/\/metaltechsrl.com\/de\/wp-json\/wp\/v2\/pages\/489","targetHints":{"allow":["GET"]}}],"collection":[{"href":"https:\/\/metaltechsrl.com\/de\/wp-json\/wp\/v2\/pages"}],"about":[{"href":"https:\/\/metaltechsrl.com\/de\/wp-json\/wp\/v2\/types\/page"}],"author":[{"embeddable":true,"href":"https:\/\/metaltechsrl.com\/de\/wp-json\/wp\/v2\/users\/1"}],"replies":[{"embeddable":true,"href":"https:\/\/metaltechsrl.com\/de\/wp-json\/wp\/v2\/comments?post=489"}],"version-history":[{"count":2,"href":"https:\/\/metaltechsrl.com\/de\/wp-json\/wp\/v2\/pages\/489\/revisions"}],"predecessor-version":[{"id":516,"href":"https:\/\/metaltechsrl.com\/de\/wp-json\/wp\/v2\/pages\/489\/revisions\/516"}],"wp:featuredmedia":[{"embeddable":true,"href":"https:\/\/metaltechsrl.com\/de\/wp-json\/wp\/v2\/media\/321"}],"wp:attachment":[{"href":"https:\/\/metaltechsrl.com\/de\/wp-json\/wp\/v2\/media?parent=489"}],"curies":[{"name":"wp","href":"https:\/\/api.w.org\/{rel}","templated":true}]}}